{"id":5,"date":"2014-10-15T09:02:29","date_gmt":"2014-10-15T07:02:29","guid":{"rendered":"http:\/\/xn--stlting-b1a.com\/business\/scom\/w14\/?page_id=5"},"modified":"2024-02-04T11:08:14","modified_gmt":"2024-02-04T09:08:14","slug":"herzlich-willkommen","status":"publish","type":"page","link":"https:\/\/xn--stlting-b1a.com\/","title":{"rendered":"Herzlich willkommen bei St\u00f6lting.com"},"content":{"rendered":"<p>Mein Name ist J\u00f6rg St\u00f6lting und ich biete Ihnen meine Dienstleistung aus den Bereichen Marketing, Internet, Fotografie und Druck an.<\/p>\n<p>Seit 20 Jahren programmiere ich Internetseiten,\u00a0fotografiere f\u00fcr Kunden\u00a0und\u00a0gestalte Werbeanzeigen.<br \/>Medienplanung? Marketingmix? Ich berate Sie sehr gern.<\/p>\n\n\n<p><\/p>\n\n\n\n<figure class=\"wp-block-image is-resized\"><img loading=\"lazy\" decoding=\"async\" src=\"https:\/\/xn--stlting-b1a.com\/wp-content\/uploads\/Bildschirmfoto-2019-10-02-um-12.49.08.png\" alt=\"\" class=\"wp-image-195\" width=\"178\" height=\"62\" srcset=\"https:\/\/xn--stlting-b1a.com\/wp-content\/uploads\/Bildschirmfoto-2019-10-02-um-12.49.08.png 338w, https:\/\/xn--stlting-b1a.com\/wp-content\/uploads\/Bildschirmfoto-2019-10-02-um-12.49.08-300x105.png 300w\" sizes=\"auto, (max-width: 178px) 100vw, 178px\" \/><\/figure>\n","protected":false},"excerpt":{"rendered":"<p>Mein Name ist J\u00f6rg St\u00f6lting und ich biete Ihnen meine Dienstleistung aus den Bereichen Marketing, Internet, Fotografie und Druck an. Seit 20 Jahren programmiere ich Internetseiten,\u00a0fotografiere f\u00fcr Kunden\u00a0und\u00a0gestalte Werbeanzeigen.Medienplanung? Marketingmix?&hellip; <a class=\"excerpt-more-link\" href=\"https:\/\/xn--stlting-b1a.com\/\">Weiterlesen<\/a><\/p>\n","protected":false},"author":3,"featured_media":0,"parent":0,"menu_order":0,"comment_status":"closed","ping_status":"closed","template":"","meta":{"inline_featured_image":false,"footnotes":""},"class_list":["post-5","page","type-page","status-publish","hentry"],"_links":{"self":[{"href":"https:\/\/xn--stlting-b1a.com\/index.php?rest_route=\/wp\/v2\/pages\/5","targetHints":{"allow":["GET"]}}],"collection":[{"href":"https:\/\/xn--stlting-b1a.com\/index.php?rest_route=\/wp\/v2\/pages"}],"about":[{"href":"https:\/\/xn--stlting-b1a.com\/index.php?rest_route=\/wp\/v2\/types\/page"}],"author":[{"embeddable":true,"href":"https:\/\/xn--stlting-b1a.com\/index.php?rest_route=\/wp\/v2\/users\/3"}],"replies":[{"embeddable":true,"href":"https:\/\/xn--stlting-b1a.com\/index.php?rest_route=%2Fwp%2Fv2%2Fcomments&post=5"}],"version-history":[{"count":20,"href":"https:\/\/xn--stlting-b1a.com\/index.php?rest_route=\/wp\/v2\/pages\/5\/revisions"}],"predecessor-version":[{"id":227,"href":"https:\/\/xn--stlting-b1a.com\/index.php?rest_route=\/wp\/v2\/pages\/5\/revisions\/227"}],"wp:attachment":[{"href":"https:\/\/xn--stlting-b1a.com\/index.php?rest_route=%2Fwp%2Fv2%2Fmedia&parent=5"}],"curies":[{"name":"wp","href":"https:\/\/api.w.org\/{rel}","templated":true}]}}