{"id":31,"date":"2014-10-15T10:05:11","date_gmt":"2014-10-15T08:05:11","guid":{"rendered":"http:\/\/xn--stlting-b1a.com\/business\/scom\/w14\/?page_id=31"},"modified":"2024-07-03T07:44:26","modified_gmt":"2024-07-03T05:44:26","slug":"about","status":"publish","type":"page","link":"https:\/\/xn--stlting-b1a.com\/?page_id=31","title":{"rendered":"Impressum"},"content":{"rendered":"\n<p>Verantwortlicher:<br>Name: J\u00f6rg St\u00f6lting<br>Anschrift: :K\u00f6nigsberger Stra\u00dfe 31, 42277 Wuppertal<br>E-Mail: info@st\u00f6lting.com<\/p>\n\n\n\n<p>Umsatzsteuer-ID:<br>Umsatzsteuer-Identifikationsnummer nach \u00a727a Umsatzsteuergesetz:<br>DE209371873<\/p>\n","protected":false},"excerpt":{"rendered":"<p>Verantwortlicher:Name: J\u00f6rg St\u00f6ltingAnschrift: :K\u00f6nigsberger Stra\u00dfe 31, 42277 WuppertalE-Mail: info@st\u00f6lting.com Umsatzsteuer-ID:Umsatzsteuer-Identifikationsnummer nach \u00a727a Umsatzsteuergesetz:DE209371873<\/p>\n","protected":false},"author":3,"featured_media":0,"parent":0,"menu_order":0,"comment_status":"closed","ping_status":"closed","template":"","meta":{"inline_featured_image":false,"footnotes":""},"class_list":["post-31","page","type-page","status-publish","hentry"],"_links":{"self":[{"href":"https:\/\/xn--stlting-b1a.com\/index.php?rest_route=\/wp\/v2\/pages\/31","targetHints":{"allow":["GET"]}}],"collection":[{"href":"https:\/\/xn--stlting-b1a.com\/index.php?rest_route=\/wp\/v2\/pages"}],"about":[{"href":"https:\/\/xn--stlting-b1a.com\/index.php?rest_route=\/wp\/v2\/types\/page"}],"author":[{"embeddable":true,"href":"https:\/\/xn--stlting-b1a.com\/index.php?rest_route=\/wp\/v2\/users\/3"}],"replies":[{"embeddable":true,"href":"https:\/\/xn--stlting-b1a.com\/index.php?rest_route=%2Fwp%2Fv2%2Fcomments&post=31"}],"version-history":[{"count":7,"href":"https:\/\/xn--stlting-b1a.com\/index.php?rest_route=\/wp\/v2\/pages\/31\/revisions"}],"predecessor-version":[{"id":238,"href":"https:\/\/xn--stlting-b1a.com\/index.php?rest_route=\/wp\/v2\/pages\/31\/revisions\/238"}],"wp:attachment":[{"href":"https:\/\/xn--stlting-b1a.com\/index.php?rest_route=%2Fwp%2Fv2%2Fmedia&parent=31"}],"curies":[{"name":"wp","href":"https:\/\/api.w.org\/{rel}","templated":true}]}}